{"id":609,"date":"2019-05-07T08:56:28","date_gmt":"2019-05-07T08:56:28","guid":{"rendered":"https:\/\/etlservices.cz\/datenschutzrichtlinie\/"},"modified":"2022-05-02T09:45:17","modified_gmt":"2022-05-02T09:45:17","slug":"datenschutzrichtlinie","status":"publish","type":"page","link":"https:\/\/etlservices.cz\/de\/datenschutzrichtlinie\/","title":{"rendered":"Datenschutzrichtlinie"},"content":{"rendered":"<p>[et_pb_section fb_built=&#8220;1&#8243; _builder_version=&#8220;3.22.3&#8243; custom_padding=&#8220;46px|0px|53px|0px|false|false&#8220; fb_built=&#8220;1&#8243; _i=&#8220;0&#8243; _address=&#8220;0&#8243;][et_pb_row _builder_version=&#8220;3.25&#8243; _i=&#8220;0&#8243; _address=&#8220;0.0&#8243;][et_pb_column type=&#8220;4_4&#8243; _builder_version=&#8220;3.25&#8243; custom_padding=&#8220;|||&#8220; _i=&#8220;0&#8243; _address=&#8220;0.0.0&#8243; custom_padding__hover=&#8220;|||&#8220;][et_pb_divider color=&#8220;#E62A25&#8243; divider_weight=&#8220;3px&#8220; disabled_on=&#8220;off|off|off&#8220; _builder_version=&#8220;3.19.10&#8243; background_color_gradient_direction=&#8220;90deg&#8220; max_width=&#8220;100px&#8220; module_alignment=&#8220;center&#8220; height=&#8220;5px&#8220; custom_margin=&#8220;||20px|&#8220; custom_padding=&#8220;||20px|&#8220; animation_style=&#8220;slide&#8220; animation_direction=&#8220;bottom&#8220; saved_tabs=&#8220;all&#8220; locked=&#8220;off&#8220; _i=&#8220;0&#8243; _address=&#8220;0.0.0.0&#8243;][\/et_pb_divider][et_pb_text admin_label=&#8220;FAQ Section Title&#8220; _builder_version=&#8220;3.27.4&#8243; header_font=&#8220;Montserrat||||&#8220; header_text_color=&#8220;#1f1f1f&#8220; header_font_size=&#8220;36px&#8220; text_orientation=&#8220;center&#8220; max_width=&#8220;710px&#8220; module_alignment=&#8220;center&#8220; animation_style=&#8220;fold&#8220; animation_direction=&#8220;bottom&#8220; animation_intensity_fold=&#8220;20%&#8220; _i=&#8220;1&#8243; _address=&#8220;0.0.0.1&#8243;]<\/p>\n<h1>Datenschutzrichtlinie<\/h1>\n<p>[\/et_pb_text][et_pb_text admin_label=&#8220;FAQ Section Subtitle&#8220; _builder_version=&#8220;3.27.4&#8243; text_font=&#8220;||||||||&#8220; text_font_size=&#8220;15px&#8220; text_line_height=&#8220;1.9em&#8220; background_size=&#8220;initial&#8220; background_position=&#8220;top_left&#8220; background_repeat=&#8220;repeat&#8220; text_orientation=&#8220;center&#8220; max_width=&#8220;710px&#8220; module_alignment=&#8220;center&#8220; animation_style=&#8220;fold&#8220; animation_direction=&#8220;bottom&#8220; animation_intensity_fold=&#8220;20%&#8220; _i=&#8220;2&#8243; _address=&#8220;0.0.0.2&#8243;]Diese Datenschutzrichtlinie soll Benutzer (\u201eBenutzer\u201c oder \u201eSie\u201c) \u00fcber die Erfassung und Verarbeitung von pers\u00f6nlichen Informationen informieren, die \u00fcber das Webportal etlservices.cz (\u201ePortal\u201c) abgerufen werden.<br \/>\n[\/et_pb_text][\/et_pb_column][\/et_pb_row][\/et_pb_section][et_pb_section fb_built=&#8220;1&#8243; inner_shadow=&#8220;on&#8220; _builder_version=&#8220;3.22.3&#8243; background_color=&#8220;#f4f4f4&#8243; fb_built=&#8220;1&#8243; _i=&#8220;1&#8243; _address=&#8220;1&#8243;][et_pb_row _builder_version=&#8220;3.25&#8243; custom_padding=&#8220;27px|0px|0|0px|false|false&#8220; _i=&#8220;0&#8243; _address=&#8220;1.0&#8243;][et_pb_column type=&#8220;4_4&#8243; _builder_version=&#8220;3.25&#8243; custom_padding=&#8220;|||&#8220; _i=&#8220;0&#8243; _address=&#8220;1.0.0&#8243; custom_padding__hover=&#8220;|||&#8220;][et_pb_text _builder_version=&#8220;3.29.3&#8243; header_font=&#8220;||||||||&#8220; header_4_font=&#8220;||||||||&#8220; header_4_text_color=&#8220;#e62a25&#8243; header_4_font_size=&#8220;22px&#8220; hover_enabled=&#8220;0&#8243; _i=&#8220;0&#8243; _address=&#8220;1.0.0.0&#8243;]<\/p>\n<p>Der Zugang und die Nutzung des Portals setzen voraus, dass die in dieser Datenschutzrichtlinie enthaltenen Bedingungen bekannt sind und akzeptiert werden.<\/p>\n<h4><\/h4>\n<h4><b>Verantwortlich f\u00fcr die Behandlung<br \/> <\/b><\/h4>\n<p>&nbsp;<\/p>\n<p><strong>Identit\u00e4t:<\/strong> ETL Services CZPostalische<\/p>\n<p><strong>Adresse:<\/strong>\u00a0Radlick\u00e1 663\/28 15000 Praha 5 Czech Republic<\/p>\n<p><strong>Telefonnummer:<\/strong> +420 246 083 101<\/p>\n<p><strong>E-Mail-Adresse:<\/strong> info@etlservices.cz<\/p>\n<p>[\/et_pb_text][\/et_pb_column][\/et_pb_row][\/et_pb_section][et_pb_section fb_built=&#8220;1&#8243; _builder_version=&#8220;3.22.3&#8243; background_color=&#8220;#ffffff&#8220; custom_padding=&#8220;0|0px|54px|0px|false|false&#8220; fb_built=&#8220;1&#8243; _i=&#8220;2&#8243; _address=&#8220;2&#8243;][et_pb_row _builder_version=&#8220;3.25&#8243; _i=&#8220;0&#8243; _address=&#8220;2.0&#8243;][et_pb_column type=&#8220;4_4&#8243; _builder_version=&#8220;3.25&#8243; custom_padding=&#8220;|||&#8220; _i=&#8220;0&#8243; _address=&#8220;2.0.0&#8243; custom_padding__hover=&#8220;|||&#8220;][et_pb_text _builder_version=&#8220;3.27.4&#8243; header_font=&#8220;||||||||&#8220; header_4_font=&#8220;||||||||&#8220; header_4_text_color=&#8220;#e62a25&#8243; header_4_font_size=&#8220;22px&#8220; _i=&#8220;0&#8243; _address=&#8220;2.0.0.0&#8243;]<\/p>\n<h4><strong>Wie erheben wir personenbezogene Daten?<\/strong><\/h4>\n<p>ETL Services CZ erhebt Informationen \u00fcber Benutzer, wenn sie die Funktionen des Portals nutzen, f\u00fcr die bestimmte personenbezogene Daten bereitgestellt werden m\u00fcssen. ETL Services CZ wird insbesondere folgende Informationen registrieren:<\/p>\n<ul>\n<li>Daten, die \u00fcber das Kontaktformular bereitgestellt werden und der Benutzer an Informationen \u00fcber unsere Dienste oder an Anfragen oder Anfragen jeglicher Art interessiert ist, erleichtern ETL Services CZ.<\/li>\n<\/ul>\n<ul>\n<li>Daten, die \u00fcber den Abschnitt \u201eMit uns arbeiten\u201c bereitgestellt werden, einschlie\u00dflich der Lebensl\u00e4ufe, die die Nutzer uns senden.<\/li>\n<\/ul>\n<ul>\n<li><strong>E-Mail-Adresse<\/strong>, die von Benutzern bereitgestellt wird, um unsere Newsletter zu abonnieren und unsere Mitteilungen zu erhalten.<\/li>\n<\/ul>\n<ul>\n<li>Daten, die durch Versenden von E-Mails an die im Portal angegebenen Adressen bereitgestellt werden.<\/li>\n<\/ul>\n<ul>\n<li>Daten, die durch Ausf\u00fcllen der Formulare oder Nutzung der jederzeit im Portal angebotenen Funktionalit\u00e4ten bereitgestellt werden.<\/li>\n<\/ul>\n<p>Die Verwendung der verschiedenen im Portal aktivierten Formulare und \/ oder Funktionalit\u00e4ten ist freiwillig. Einige Felder sind jedoch erforderlich, um Ihre Anfrage korrekt zu bearbeiten. Wenn der Benutzer die erforderlichen Informationen in den Pflichtfeldern nicht bereitstellt, kann ETL Services CZ Ihre Anfrage nicht bearbeiten.<\/p>\n<h4><\/h4>\n<h4><strong>F\u00fcr welche Zwecke verwendet ETL Services CZ die pers\u00f6nlichen Daten der Nutzer?<\/strong><\/h4>\n<p>Die personenbezogenen Daten, die der Portalbenutzer \u00fcber die im Portal aktivierten Formulare und Funktionalit\u00e4ten bereitstellt, werden auf allgemeine Weise behandelt, um die von den Benutzern angeforderten Informationen zu erleichtern, ihre Fragen oder Anfragen zu beantworten und zu jedem anderen Zweck Darauf beziehen sich die jeweils \u00fcber das Portal angebotenen Formulare und Funktionalit\u00e4ten.<\/p>\n<p>Im Falle der Daten, die vom Benutzer \u00fcber den Abschnitt \u201eMit uns arbeiten\u201c bereitgestellt werden, werden die Daten verarbeitet, um ihre m\u00f6gliche Beteiligung an den von ETL Services CZ durchgef\u00fchrten Personalauswahlprozessen zu bewerten und zu verwalten.<\/p>\n<p>In den F\u00e4llen, in denen die Benutzer unseren Newsletter abonniert haben, werden ihre personenbezogenen Daten verarbeitet, um sie auf beliebige Weise zu versenden, einschlie\u00dflich auf elektronischem Wege (E-Mail, SMS usw.) und kommerzieller Kommunikation \u00fcber unsere Produkte und Dienstleistungen Steuer- und Rechnungswesen und Verwaltungsmanagement oder andere, die wir anbieten oder verleihen, sowie Informationen zu unseren Aktivit\u00e4ten, einschlie\u00dflich relevanter Nachrichten \u00fcber ETL Services CZ und Informationen zu Veranstaltungen, die wir organisieren, sponsern oder auf sonstige Weise ETL Services CZ oder seine Fachleute beteiligen sich.<\/p>\n<h4><\/h4>\n<h4><strong>Empf\u00e4nger personenbezogener Daten<\/strong><\/h4>\n<p>Die personenbezogenen Daten der Nutzer werden nicht an Dritte weitergegeben, es sei denn, die gesetzlichen Verpflichtungen, denen ETL Services CZ unterliegt, werden eingehalten.<\/p>\n<p>&nbsp;<\/p>\n<h4><strong>Legitimierung der Behandlungen<\/strong><\/h4>\n<p>Die Rechtsgrundlage der Behandlungen ist die Zustimmung der Benutzer, die durch die Annahme dieser Datenschutzrichtlinie und der entsprechenden K\u00e4stchen geliehen werden.<\/p>\n<h4><\/h4>\n<h4><strong>Wie lange werden wir Ihre Daten aufbewahren?<\/strong><\/h4>\n<p>Die personenbezogenen Daten werden f\u00fcr die Zeit aufbewahrt, die erforderlich ist, um die von den Benutzern angeforderten Informationen abzufragen und zu verwalten, ihre Anfragen oder Anfragen zu beantworten oder jeden anderen Zweck zu erf\u00fcllen, auf den sich die zu jedem Zeitpunkt \u00fcber das Portal angebotenen Formulare und Funktionen beziehen.<\/p>\n<p>Bei personenbezogenen Daten, die \u00fcber den Bereich \u201eMit uns arbeiten\u201c bereitgestellt werden, bewahren wir personenbezogene Daten f\u00fcr einen Zeitraum von maximal [1 Jahr] auf. Wir verstehen, dass Ihre Daten nach diesem Zeitraum m\u00f6glicherweise veraltet sind, und wir werden alle Ihre Daten l\u00f6schen.<\/p>\n<p>Wenn Sie unseren Newsletter abonniert haben oder Ihnen anderweitig zugestimmt haben, Ihnen kommerzielle Kommunikation zukommen zu lassen, behalten wir Ihre Daten, solange Sie diese Zustimmung nicht widerrufen.<\/p>\n<p>Nach Ablauf der vorgenannten Fristen k\u00f6nnen die personenbezogenen Daten der Nutzer von ETL Services CZ zur Kenntnisnahme m\u00f6glicher Verantwortlichkeiten, die sich aus der Behandlung ergeben, und nur w\u00e4hrend der Verj\u00e4hrungsfrist dieser Verantwortungen gesperrt und gespeichert werden. Nach diesem Zeitraum werden die personenbezogenen Daten von ETL Services CZ gel\u00f6scht.<\/p>\n<h4><\/h4>\n<h4><strong>Wie soll ich meine pers\u00f6nlichen Daten aktualisieren?<\/strong><\/h4>\n<p>Der Benutzer garantiert, dass die pers\u00f6nlichen Daten, die ETL Services CZ \u00fcber dieses Portal zur Verf\u00fcgung gestellt werden, wahr, richtig, aktuell und vollst\u00e4ndig sind. Der Benutzer ist daf\u00fcr verantwortlich, ETL Services CZ jede \u00c4nderung oder Aktualisierung an ETL Services CZ mitzuteilen, indem er eine Mitteilung an die postalische oder elektronische Adresse sendet, die im Abschnitt \u201eWie \u00fcbe ich meine Rechte aus?\u201c Aus. Befolgen Sie die darin enthaltenen Anweisungen.<\/p>\n<h4><\/h4>\n<h4><strong>Was passiert, wenn ich ETL Services CZ Daten Dritter zur Verf\u00fcgungstelle?<\/strong><\/h4>\n<p>Grunds\u00e4tzlich ist es Benutzern nicht gestattet, pers\u00f6nliche Daten von Dritten zur Verf\u00fcgung zu stellen. Falls der Benutzer jedoch personenbezogene Daten von Dritten zur Verf\u00fcgung stellt, bevor er diese Daten an ETL Services CZ \u00fcbermittelt oder \u00fcbermittelt, informieren sie diese Personen \u00fcber den Inhalt dieser Datenschutzrichtlinie. Der Benutzer garantiert, dass er die vorherige Zustimmung dieser Dritten f\u00fcr die \u00dcbermittlung seiner personenbezogenen Daten an ETL Services CZ f\u00fcr die in dieser Datenschutzrichtlinie genannten Zwecke eingeholt hat.<\/p>\n<h4><\/h4>\n<h4><strong>Wie \u00fcbe ich meine Rechte aus?<\/strong><\/h4>\n<p>Der Benutzer kann jederzeit die erteilten Einwilligungen widerrufen und von ETL Services CZ eine Best\u00e4tigung dar\u00fcber anfordern, ob ihre personenbezogenen Daten von uns verarbeitet werden, und wenn ja, auf sie zugreifen. Ebenso k\u00f6nnen Sie die Berichtigung unrichtiger Daten oder gegebenenfalls die L\u00f6schung beantragen, wenn die Daten unter anderem f\u00fcr die Zwecke, f\u00fcr die sie erhoben wurden, nicht mehr erforderlich sind.<\/p>\n<p>Unter bestimmten Umst\u00e4nden kann der Benutzer auch die Beschr\u00e4nkung der Verarbeitung seiner Daten beantragen. In diesem Fall behalten wir sie nur f\u00fcr die Aus\u00fcbung oder Verteidigung von Anspr\u00fcchen. Sie k\u00f6nnen der Verarbeitung Ihrer Daten unter bestimmten Umst\u00e4nden auch widersprechen. ETL Services CZ stellt die Verarbeitung personenbezogener Daten ein, mit Ausnahme zwingender legitimer Gr\u00fcnde oder der Aus\u00fcbung oder Verteidigung m\u00f6glicher Anspr\u00fcche. Schlie\u00dflich kann der Benutzer gegebenenfalls das Recht der Portabilit\u00e4t aus\u00fcben, um die Daten in elektronischem Format zu erhalten oder an eine andere Einheit zu \u00fcbermitteln.<\/p>\n<p>Zu diesem Zweck k\u00f6nnen Sie die folgenden Kan\u00e4le verwenden, die immer mit einer Fotokopie Ihres Personalausweises oder einem anderen Dokument verbunden sind, mit dem Sie Ihre Identit\u00e4t nachweisen k\u00f6nnen:<\/p>\n<ul>\n<li>Per Brief an die Adresse: Radlick\u00e1 663\/28 15000 Praha 5 Czech Republic<\/li>\n<li>Per E-Mail an info@etlservices.cz<\/li>\n<\/ul>\n<p>Falls der Benutzer sich dessen bewusst ist oder der Meinung ist, dass eine Tatsache gegen die geltenden Datenschutzbestimmungen versto\u00dfen kann, k\u00f6nnen Sie sich an unseren Sicherheitsbeauftragten wenden, um eine Beschwerde bei der spanischen Datenschutzbeh\u00f6rde einzureichen.<\/p>\n<p>&nbsp;<\/p>\n<h4><strong>Updates und \u00c4nderungen in der Datenschutzrichtlinie<\/strong><\/h4>\n<p>ETL Services CZ beh\u00e4lt sich das Recht vor, \u00c4nderungen an dieser Datenschutzrichtlinie vorzunehmen. Wenn diese \u00c4nderungen eintreten, werden sie den Benutzern durch Hinweise im Portal, per E-Mail oder durch ein anderes geeignetes Verfahren, je nach den Umst\u00e4nden, mitgeteilt.<\/p>\n<p>[\/et_pb_text][\/et_pb_column][\/et_pb_row][\/et_pb_section]<\/p>\n","protected":false},"excerpt":{"rendered":"<p>Datenschutzrichtlinie Diese Datenschutzrichtlinie soll Benutzer (\u201eBenutzer\u201c oder \u201eSie\u201c) \u00fcber die Erfassung und Verarbeitung von pers\u00f6nlichen Informationen informieren, die \u00fcber das Webportal etlservices.cz (\u201ePortal\u201c) abgerufen werden. Der Zugang und die Nutzung des Portals setzen voraus, dass die in dieser Datenschutzrichtlinie enthaltenen Bedingungen bekannt sind und akzeptiert werden. Verantwortlich f\u00fcr die Behandlung &nbsp; Identit\u00e4t: ETL Services CZPostalische [&hellip;]<\/p>\n","protected":false},"author":1,"featured_media":0,"parent":0,"menu_order":0,"comment_status":"closed","ping_status":"open","template":"","meta":{"_et_pb_use_builder":"on","_et_pb_old_content":"<h2>Qui\u00e9nes somos<\/h2><p>La direcci\u00f3n de nuestra web es: https:\/\/etlservices.cz.<\/p><h2>Qu\u00e9 datos personales recogemos y por qu\u00e9 los recogemos<\/h2><h3>Comentarios<\/h3><p>Cuando los visitantes dejan comentarios en la web, recopilamos los datos que se muestran en el formulario de comentarios, as\u00ed como la direcci\u00f3n IP del visitante y la cadena de agentes de usuario del navegador para ayudar a la detecci\u00f3n de spam.<\/p><p>Una cadena an\u00f3nima creada a partir de tu direcci\u00f3n de correo electr\u00f3nico (tambi\u00e9n llamada hash) puede ser proporcionada al servicio de Gravatar para ver si la est\u00e1s usando. La pol\u00edtica de privacidad del servicio Gravatar est\u00e1 disponible aqu\u00ed: https:\/\/automattic.com\/privacy\/. Despu\u00e9s de la aprobaci\u00f3n de tu comentario, la imagen de tu perfil es visible para el p\u00fablico en el contexto de su comentario.<\/p><h3>Medios<\/h3><p>Si subes im\u00e1genes a la web deber\u00edas evitar subir im\u00e1genes con datos de ubicaci\u00f3n (GPS EXIF) incluidos. Los visitantes de la web pueden descargar y extraer cualquier dato de localizaci\u00f3n de las im\u00e1genes de la web.<\/p><h3>Formularios de contacto<\/h3><h3>Cookies<\/h3><p>Si dejas un comentario en nuestro sitio puedes elegir guardar tu nombre, direcci\u00f3n de correo electr\u00f3nico y web en cookies. Esto es para tu comodidad, para que no tengas que volver a rellenar tus datos cuando dejes otro comentario. Estas cookies tendr\u00e1n una duraci\u00f3n de un a\u00f1o.<\/p><p>Si tienes una cuenta y te conectas a este sitio, instalaremos una cookie temporal para determinar si tu navegador acepta cookies. Esta cookie no contiene datos personales y se elimina al cerrar el navegador.<\/p><p>Cuando inicias sesi\u00f3n, tambi\u00e9n instalaremos varias cookies para guardar tu informaci\u00f3n de inicio de sesi\u00f3n y tus opciones de visualizaci\u00f3n de pantalla. Las cookies de inicio de sesi\u00f3n duran dos d\u00edas, y las cookies de opciones de pantalla duran un a\u00f1o. Si seleccionas \"Recordarme\", tu inicio de sesi\u00f3n perdurar\u00e1 durante dos semanas. Si sales de tu cuenta, las cookies de inicio de sesi\u00f3n se eliminar\u00e1n.<\/p><p>Si editas o publicas un art\u00edculo se guardar\u00e1 una cookie adicional en tu navegador. Esta cookie no incluye datos personales y simplemente indica el ID del art\u00edculo que acabas de editar. Caduca despu\u00e9s de 1 d\u00eda.<\/p><h3>Contenido incrustado de otros sitios web<\/h3><p>Los art\u00edculos de este sitio pueden incluir contenido incrustado (por ejemplo, v\u00eddeos, im\u00e1genes, art\u00edculos, etc.). El contenido incrustado de otras web se comporta exactamente de la misma manera que si el visitante hubiera visitado la otra web.<\/p><p>Estas web pueden recopilar datos sobre ti, utilizar cookies, incrustar un seguimiento adicional de terceros, y supervisar tu interacci\u00f3n con ese contenido incrustado, incluido el seguimiento de tu interacci\u00f3n con el contenido incrustado si tienes una cuenta y est\u00e1s conectado a esa web.<\/p><h3>Anal\u00edtica<\/h3><h2>Con qui\u00e9n compartimos tus datos<\/h2><h2>Cu\u00e1nto tiempo conservamos tus datos<\/h2><p>Si dejas un comentario, el comentario y sus metadatos se conservan indefinidamente. Esto es para que podamos reconocer y aprobar comentarios sucesivos autom\u00e1ticamente en lugar de mantenerlos en una cola de moderaci\u00f3n.<\/p><p>De los usuarios que se registran en nuestra web (si los hay), tambi\u00e9n almacenamos la informaci\u00f3n personal que proporcionan en su perfil de usuario. Todos los usuarios pueden ver, editar o eliminar su informaci\u00f3n personal en cualquier momento (excepto que no pueden cambiar su nombre de usuario). Los administradores de la web tambi\u00e9n pueden ver y editar esa informaci\u00f3n.<\/p><h2>Qu\u00e9 derechos tienes sobre tus datos<\/h2><p>Si tienes una cuenta o has dejado comentarios en esta web, puedes solicitar recibir un archivo de exportaci\u00f3n de los datos personales que tenemos sobre ti, incluyendo cualquier dato que nos hayas proporcionado. Tambi\u00e9n puedes solicitar que eliminemos cualquier dato personal que tengamos sobre ti. Esto no incluye ning\u00fan dato que estemos obligados a conservar con fines administrativos, legales o de seguridad.<\/p><h2>D\u00f3nde enviamos tus datos<\/h2><p>Los comentarios de los visitantes puede que los revise un servicio de detecci\u00f3n autom\u00e1tica de spam.<\/p><h2>Tu informaci\u00f3n de contacto<\/h2><h2>Informaci\u00f3n adicional<\/h2><h3>C\u00f3mo protegemos tus datos<\/h3><h3>Qu\u00e9 procedimientos utilizamos contra las brechas de datos<\/h3><h3>De qu\u00e9 terceros recibimos datos<\/h3><h3>Qu\u00e9 tipo de toma de decisiones automatizada y\/o perfilado hacemos con los datos del usuario<\/h3><h3>Requerimientos regulatorios de revelaci\u00f3n de informaci\u00f3n del sector<\/h3>","_et_gb_content_width":"","footnotes":""},"class_list":["post-609","page","type-page","status-publish","hentry"],"yoast_head":"<!-- This site is optimized with the Yoast SEO plugin v18.8 - https:\/\/yoast.com\/wordpress\/plugins\/seo\/ -->\n<title>Datenschutzrichtlinie | ETL Services CZ<\/title>\n<meta name=\"description\" content=\"ETL Services CZ provides tailored and flexible services: accounting &amp; payroll, tax, international desk, audit, consulting and technology. Contact us.\" \/>\n<meta name=\"robots\" content=\"index, follow, max-snippet:-1, max-image-preview:large, max-video-preview:-1\" \/>\n<link rel=\"canonical\" href=\"https:\/\/etlservices.cz\/de\/datenschutzrichtlinie\/\" \/>\n<meta property=\"og:locale\" content=\"de_DE\" \/>\n<meta property=\"og:type\" content=\"article\" \/>\n<meta property=\"og:title\" content=\"Datenschutzrichtlinie | ETL Services CZ\" \/>\n<meta property=\"og:description\" content=\"ETL Services CZ provides tailored and flexible services: accounting &amp; payroll, tax, international desk, audit, consulting and technology. Contact us.\" \/>\n<meta property=\"og:url\" content=\"https:\/\/etlservices.cz\/de\/datenschutzrichtlinie\/\" \/>\n<meta property=\"og:site_name\" content=\"ETL Services CZ\" \/>\n<meta property=\"article:modified_time\" content=\"2022-05-02T09:45:17+00:00\" \/>\n<meta name=\"twitter:card\" content=\"summary_large_image\" \/>\n<meta name=\"twitter:label1\" content=\"Gesch\u00e4tzte Lesezeit\" \/>\n\t<meta name=\"twitter:data1\" content=\"8\u00a0Minuten\" \/>\n<script type=\"application\/ld+json\" class=\"yoast-schema-graph\">{\"@context\":\"https:\/\/schema.org\",\"@graph\":[{\"@type\":\"Organization\",\"@id\":\"https:\/\/etlservices.cz\/#organization\",\"name\":\"ETL Services CZ\",\"url\":\"https:\/\/etlservices.cz\/\",\"sameAs\":[],\"logo\":{\"@type\":\"ImageObject\",\"inLanguage\":\"de\",\"@id\":\"https:\/\/etlservices.cz\/#\/schema\/logo\/image\/\",\"url\":\"https:\/\/etlservices.cz\/wp-content\/uploads\/2019\/03\/etlservicescz2.png\",\"contentUrl\":\"https:\/\/etlservices.cz\/wp-content\/uploads\/2019\/03\/etlservicescz2.png\",\"width\":137,\"height\":102,\"caption\":\"ETL Services CZ\"},\"image\":{\"@id\":\"https:\/\/etlservices.cz\/#\/schema\/logo\/image\/\"}},{\"@type\":\"WebSite\",\"@id\":\"https:\/\/etlservices.cz\/#website\",\"url\":\"https:\/\/etlservices.cz\/\",\"name\":\"ETL Services CZ\",\"description\":\"International Management &amp; Business Administration\",\"publisher\":{\"@id\":\"https:\/\/etlservices.cz\/#organization\"},\"potentialAction\":[{\"@type\":\"SearchAction\",\"target\":{\"@type\":\"EntryPoint\",\"urlTemplate\":\"https:\/\/etlservices.cz\/?s={search_term_string}\"},\"query-input\":\"required name=search_term_string\"}],\"inLanguage\":\"de\"},{\"@type\":\"WebPage\",\"@id\":\"https:\/\/etlservices.cz\/de\/datenschutzrichtlinie\/#webpage\",\"url\":\"https:\/\/etlservices.cz\/de\/datenschutzrichtlinie\/\",\"name\":\"Datenschutzrichtlinie | ETL Services CZ\",\"isPartOf\":{\"@id\":\"https:\/\/etlservices.cz\/#website\"},\"datePublished\":\"2019-05-07T08:56:28+00:00\",\"dateModified\":\"2022-05-02T09:45:17+00:00\",\"description\":\"ETL Services CZ provides tailored and flexible services: accounting & payroll, tax, international desk, audit, consulting and technology. Contact us.\",\"breadcrumb\":{\"@id\":\"https:\/\/etlservices.cz\/de\/datenschutzrichtlinie\/#breadcrumb\"},\"inLanguage\":\"de\",\"potentialAction\":[{\"@type\":\"ReadAction\",\"target\":[\"https:\/\/etlservices.cz\/de\/datenschutzrichtlinie\/\"]}]},{\"@type\":\"BreadcrumbList\",\"@id\":\"https:\/\/etlservices.cz\/de\/datenschutzrichtlinie\/#breadcrumb\",\"itemListElement\":[{\"@type\":\"ListItem\",\"position\":1,\"name\":\"Home\",\"item\":\"https:\/\/etlservices.cz\/de\/\"},{\"@type\":\"ListItem\",\"position\":2,\"name\":\"Datenschutzrichtlinie\"}]}]}<\/script>\n<!-- \/ Yoast SEO plugin. -->","yoast_head_json":{"title":"Datenschutzrichtlinie | ETL Services CZ","description":"ETL Services CZ provides tailored and flexible services: accounting & payroll, tax, international desk, audit, consulting and technology. Contact us.","robots":{"index":"index","follow":"follow","max-snippet":"max-snippet:-1","max-image-preview":"max-image-preview:large","max-video-preview":"max-video-preview:-1"},"canonical":"https:\/\/etlservices.cz\/de\/datenschutzrichtlinie\/","og_locale":"de_DE","og_type":"article","og_title":"Datenschutzrichtlinie | ETL Services CZ","og_description":"ETL Services CZ provides tailored and flexible services: accounting & payroll, tax, international desk, audit, consulting and technology. Contact us.","og_url":"https:\/\/etlservices.cz\/de\/datenschutzrichtlinie\/","og_site_name":"ETL Services CZ","article_modified_time":"2022-05-02T09:45:17+00:00","twitter_card":"summary_large_image","twitter_misc":{"Gesch\u00e4tzte Lesezeit":"8\u00a0Minuten"},"schema":{"@context":"https:\/\/schema.org","@graph":[{"@type":"Organization","@id":"https:\/\/etlservices.cz\/#organization","name":"ETL Services CZ","url":"https:\/\/etlservices.cz\/","sameAs":[],"logo":{"@type":"ImageObject","inLanguage":"de","@id":"https:\/\/etlservices.cz\/#\/schema\/logo\/image\/","url":"https:\/\/etlservices.cz\/wp-content\/uploads\/2019\/03\/etlservicescz2.png","contentUrl":"https:\/\/etlservices.cz\/wp-content\/uploads\/2019\/03\/etlservicescz2.png","width":137,"height":102,"caption":"ETL Services CZ"},"image":{"@id":"https:\/\/etlservices.cz\/#\/schema\/logo\/image\/"}},{"@type":"WebSite","@id":"https:\/\/etlservices.cz\/#website","url":"https:\/\/etlservices.cz\/","name":"ETL Services CZ","description":"International Management &amp; Business Administration","publisher":{"@id":"https:\/\/etlservices.cz\/#organization"},"potentialAction":[{"@type":"SearchAction","target":{"@type":"EntryPoint","urlTemplate":"https:\/\/etlservices.cz\/?s={search_term_string}"},"query-input":"required name=search_term_string"}],"inLanguage":"de"},{"@type":"WebPage","@id":"https:\/\/etlservices.cz\/de\/datenschutzrichtlinie\/#webpage","url":"https:\/\/etlservices.cz\/de\/datenschutzrichtlinie\/","name":"Datenschutzrichtlinie | ETL Services CZ","isPartOf":{"@id":"https:\/\/etlservices.cz\/#website"},"datePublished":"2019-05-07T08:56:28+00:00","dateModified":"2022-05-02T09:45:17+00:00","description":"ETL Services CZ provides tailored and flexible services: accounting & payroll, tax, international desk, audit, consulting and technology. Contact us.","breadcrumb":{"@id":"https:\/\/etlservices.cz\/de\/datenschutzrichtlinie\/#breadcrumb"},"inLanguage":"de","potentialAction":[{"@type":"ReadAction","target":["https:\/\/etlservices.cz\/de\/datenschutzrichtlinie\/"]}]},{"@type":"BreadcrumbList","@id":"https:\/\/etlservices.cz\/de\/datenschutzrichtlinie\/#breadcrumb","itemListElement":[{"@type":"ListItem","position":1,"name":"Home","item":"https:\/\/etlservices.cz\/de\/"},{"@type":"ListItem","position":2,"name":"Datenschutzrichtlinie"}]}]}},"_links":{"self":[{"href":"https:\/\/etlservices.cz\/de\/wp-json\/wp\/v2\/pages\/609","targetHints":{"allow":["GET"]}}],"collection":[{"href":"https:\/\/etlservices.cz\/de\/wp-json\/wp\/v2\/pages"}],"about":[{"href":"https:\/\/etlservices.cz\/de\/wp-json\/wp\/v2\/types\/page"}],"author":[{"embeddable":true,"href":"https:\/\/etlservices.cz\/de\/wp-json\/wp\/v2\/users\/1"}],"replies":[{"embeddable":true,"href":"https:\/\/etlservices.cz\/de\/wp-json\/wp\/v2\/comments?post=609"}],"version-history":[{"count":3,"href":"https:\/\/etlservices.cz\/de\/wp-json\/wp\/v2\/pages\/609\/revisions"}],"predecessor-version":[{"id":860,"href":"https:\/\/etlservices.cz\/de\/wp-json\/wp\/v2\/pages\/609\/revisions\/860"}],"wp:attachment":[{"href":"https:\/\/etlservices.cz\/de\/wp-json\/wp\/v2\/media?parent=609"}],"curies":[{"name":"wp","href":"https:\/\/api.w.org\/{rel}","templated":true}]}}