{"id":565,"date":"2019-05-07T07:48:59","date_gmt":"2019-05-07T07:48:59","guid":{"rendered":"https:\/\/etlservices.cz\/geschaftsleitung\/"},"modified":"2019-10-04T07:58:44","modified_gmt":"2019-10-04T07:58:44","slug":"geschaftsleitung","status":"publish","type":"page","link":"https:\/\/etlservices.cz\/de\/geschaftsleitung\/","title":{"rendered":"Gesch\u00e4ftsleitung"},"content":{"rendered":"<p>[et_pb_section fb_built=&#8220;1&#8243; fullwidth=&#8220;on&#8220; admin_label=&#8220;Page Header&#8220; _builder_version=&#8220;3.22.3&#8243; parallax=&#8220;on&#8220; custom_padding=&#8220;0px|0px|0|0px|false|false&#8220; fb_built=&#8220;1&#8243; _i=&#8220;0&#8243; _address=&#8220;0&#8243;][et_pb_fullwidth_header title=&#8220;GESCH\u00c4FTSLEITUNG&#8220; text_orientation=&#8220;center&#8220; _builder_version=&#8220;3.29.3&#8243; title_font=&#8220;Montserrat|500|||||||&#8220; title_text_align=&#8220;center&#8220; title_font_size=&#8220;50px&#8220; use_background_color_gradient=&#8220;on&#8220; background_color_gradient_start=&#8220;rgba(0,0,0,0.52)&#8220; background_color_gradient_end=&#8220;rgba(209,209,209,0)&#8220; background_color_gradient_overlays_image=&#8220;on&#8220; background_image=&#8220;https:\/\/etlservices.cz\/wp-content\/uploads\/2019\/03\/hunters-race-408744-unsplash.jpg&#8220; hover_enabled=&#8220;0&#8243; _i=&#8220;0&#8243; _address=&#8220;0.0&#8243; title_font_size_last_edited=&#8220;on|phone&#8220; title_font_size_phone=&#8220;25px&#8220;][\/et_pb_fullwidth_header][\/et_pb_section][et_pb_section fb_built=&#8220;1&#8243; _builder_version=&#8220;3.22.3&#8243; fb_built=&#8220;1&#8243; _i=&#8220;1&#8243; _address=&#8220;1&#8243;][et_pb_row _builder_version=&#8220;3.25&#8243; background_size=&#8220;initial&#8220; background_position=&#8220;top_left&#8220; background_repeat=&#8220;repeat&#8220; custom_padding=&#8220;0|0px|0|0px|false|false&#8220; custom_width_px=&#8220;710px&#8220; locked=&#8220;off&#8220; _i=&#8220;0&#8243; _address=&#8220;1.0&#8243;][et_pb_column type=&#8220;4_4&#8243; _builder_version=&#8220;3.25&#8243; background_position=&#8220;top_left&#8220; custom_padding=&#8220;|||&#8220; _i=&#8220;0&#8243; _address=&#8220;1.0.0&#8243; custom_padding__hover=&#8220;|||&#8220;][et_pb_divider show_divider=&#8220;off&#8220; _builder_version=&#8220;3.2&#8243; background_color_gradient_direction=&#8220;90deg&#8220; max_width=&#8220;100px&#8220; module_alignment=&#8220;center&#8220; height=&#8220;5px&#8220; custom_margin=&#8220;||20px|&#8220; custom_padding=&#8220;||20px|&#8220; animation_style=&#8220;slide&#8220; animation_direction=&#8220;bottom&#8220; disabled_on=&#8220;off|off|off&#8220; saved_tabs=&#8220;all&#8220; locked=&#8220;off&#8220; _i=&#8220;0&#8243; _address=&#8220;1.0.0.0&#8243;][\/et_pb_divider][et_pb_divider color=&#8220; #E62A25&#8243; divider_weight=&#8220;3px&#8220; _builder_version=&#8220;3.19.10&#8243; background_color_gradient_direction=&#8220;90deg&#8220; max_width=&#8220;100px&#8220; module_alignment=&#8220;center&#8220; height=&#8220;5px&#8220; custom_margin=&#8220;||20px|&#8220; custom_padding=&#8220;||20px|&#8220; animation_style=&#8220;slide&#8220; animation_direction=&#8220;bottom&#8220; disabled_on=&#8220;off|off|off&#8220; saved_tabs=&#8220;all&#8220; locked=&#8220;off&#8220; _i=&#8220;1&#8243; _address=&#8220;1.0.0.1&#8243;][\/et_pb_divider][et_pb_text admin_label=&#8220;Team Section Title&#8220; _builder_version=&#8220;3.27.4&#8243; header_font=&#8220;Montserrat||||&#8220; header_text_color=&#8220;#1f1f1f&#8220; header_font_size=&#8220;36px&#8220; text_orientation=&#8220;center&#8220; max_width=&#8220;710px&#8220; module_alignment=&#8220;center&#8220; animation_style=&#8220;fold&#8220; animation_direction=&#8220;bottom&#8220; animation_intensity_fold=&#8220;20%&#8220; _i=&#8220;2&#8243; _address=&#8220;1.0.0.2&#8243;]<\/p>\n<h1>Management der Gesellschaft<\/h1>\n<p>[\/et_pb_text][\/et_pb_column][\/et_pb_row][et_pb_row use_custom_gutter=&#8220;on&#8220; gutter_width=&#8220;2&#8243; _builder_version=&#8220;3.25&#8243; background_size=&#8220;initial&#8220; background_position=&#8220;top_left&#8220; background_repeat=&#8220;repeat&#8220; custom_padding=&#8220;44px|0px|27px|0px&#8220; _i=&#8220;1&#8243; _address=&#8220;1.1&#8243; column_structure=&#8220;1_3,1_3,1_3&#8243;][et_pb_column type=&#8220;1_3&#8243; _builder_version=&#8220;3.25&#8243; custom_padding=&#8220;|||&#8220; _i=&#8220;0&#8243; _address=&#8220;1.1.0&#8243; custom_padding__hover=&#8220;|||&#8220;][et_pb_team_member name=&#8220;Robert Jurka&#8220; admin_label=&#8220;Member 01&#8243; _builder_version=&#8220;3.19.10&#8243; header_font=&#8220;Montserrat||||&#8220; header_text_color=&#8220;#1f1f1f&#8220; header_font_size=&#8220;22px&#8220; header_line_height=&#8220;2em&#8220; body_text_color=&#8220;#666666&#8243; body_font_size=&#8220;16px&#8220; background_size=&#8220;initial&#8220; background_position=&#8220;top_left&#8220; background_repeat=&#8220;repeat&#8220; text_orientation=&#8220;center&#8220; custom_padding=&#8220;|||&#8220; animation_style=&#8220;fold&#8220; animation_direction=&#8220;bottom&#8220; animation_delay=&#8220;100ms&#8220; animation_intensity_fold=&#8220;20%&#8220; locked=&#8220;off&#8220; _i=&#8220;0&#8243; _address=&#8220;1.1.0.0&#8243;]<strong>Steuerberater<\/strong><\/p>\n<p>Sprachen: Tschechisch, Englisch, Deutsch<\/p>\n<p>Eingetragen bei der Steuerberaterkammer unter der Registrierungsnummer 3422<br \/>\n[\/et_pb_team_member][\/et_pb_column][et_pb_column type=&#8220;1_3&#8243; _builder_version=&#8220;3.25&#8243; custom_padding=&#8220;|||&#8220; _i=&#8220;1&#8243; _address=&#8220;1.1.1&#8243; custom_padding__hover=&#8220;|||&#8220;][et_pb_team_member name=&#8220;Jana Zemanov\u00e1&#8220; admin_label=&#8220;Member 01&#8243; _builder_version=&#8220;3.19.10&#8243; header_font=&#8220;Montserrat||||&#8220; header_text_color=&#8220;#1f1f1f&#8220; header_font_size=&#8220;22px&#8220; header_line_height=&#8220;2em&#8220; body_text_align=&#8220;center&#8220; body_text_color=&#8220;#666666&#8243; body_font_size=&#8220;16px&#8220; background_size=&#8220;initial&#8220; background_position=&#8220;top_left&#8220; background_repeat=&#8220;repeat&#8220; text_orientation=&#8220;center&#8220; custom_padding=&#8220;|||&#8220; animation_style=&#8220;fold&#8220; animation_direction=&#8220;bottom&#8220; animation_intensity_fold=&#8220;20%&#8220; _i=&#8220;0&#8243; _address=&#8220;1.1.1.0&#8243;]<strong>Wirtschaftspr\u00fcferin<\/strong><\/p>\n<p>Registrierungsnummer 2432<\/p>\n<p>Sprachen: Tschechisch, Englisch<br \/>\n[\/et_pb_team_member][\/et_pb_column][et_pb_column type=&#8220;1_3&#8243; _builder_version=&#8220;3.25&#8243; custom_padding=&#8220;|||&#8220; _i=&#8220;2&#8243; _address=&#8220;1.1.2&#8243; custom_padding__hover=&#8220;|||&#8220;][et_pb_team_member name=&#8220;Blanka Vackov\u00e1&#8220; admin_label=&#8220;Member 01&#8243; _builder_version=&#8220;3.19.10&#8243; header_font=&#8220;Montserrat||||&#8220; header_text_color=&#8220;#1f1f1f&#8220; header_font_size=&#8220;22px&#8220; header_line_height=&#8220;2em&#8220; body_text_align=&#8220;center&#8220; body_text_color=&#8220;#666666&#8243; body_font_size=&#8220;16px&#8220; background_size=&#8220;initial&#8220; background_position=&#8220;top_left&#8220; background_repeat=&#8220;repeat&#8220; text_orientation=&#8220;center&#8220; custom_padding=&#8220;|||&#8220; animation_style=&#8220;fold&#8220; animation_direction=&#8220;bottom&#8220; animation_intensity_fold=&#8220;20%&#8220; _i=&#8220;0&#8243; _address=&#8220;1.1.2.0&#8243;]<\/p>\n<p style=\"text-align: center;\"><strong>Steuerberaterin<\/strong><\/p>\n<p style=\"text-align: center;\">Sprachen: Tschechisch, Englisch<\/p>\n<p style=\"text-align: center;\">Eingetragen bei der Steuerberaterkammer unter der Registrierungsnummer 4544<\/p>\n<p>[\/et_pb_team_member][\/et_pb_column][\/et_pb_row][\/et_pb_section][et_pb_section fb_built=&#8220;1&#8243; _builder_version=&#8220;3.22.3&#8243; use_background_color_gradient=&#8220;on&#8220; background_color_gradient_start=&#8220;rgba(0,0,0,0.54)&#8220; background_color_gradient_end=&#8220;rgba(0,0,0,0.32)&#8220; background_color_gradient_overlays_image=&#8220;on&#8220; background_image=&#8220;https:\/\/etlservices.cz\/wp-content\/uploads\/2019\/03\/O6NM270.jpg&#8220; fb_built=&#8220;1&#8243; _i=&#8220;2&#8243; _address=&#8220;2&#8243;][et_pb_row _builder_version=&#8220;3.25&#8243; custom_padding=&#8220;0|0px|27px|0px|false|false&#8220; _i=&#8220;0&#8243; _address=&#8220;2.0&#8243;][et_pb_column type=&#8220;4_4&#8243; _builder_version=&#8220;3.25&#8243; custom_padding=&#8220;|||&#8220; _i=&#8220;0&#8243; _address=&#8220;2.0.0&#8243; custom_padding__hover=&#8220;|||&#8220;][et_pb_cta title=&#8220;M\u00d6CHTEN SIE TEIL UNSERES TEAMS WERDEN?&#8220; button_url=&#8220;mailto:robert.jurka@etlpraha.cz&#8220; url_new_window=&#8220;on&#8220; button_text=&#8220;Kontaktieren Sie uns&#8220; _builder_version=&#8220;3.22.7&#8243; header_font=&#8220;Montserrat||||||||&#8220; header_text_align=&#8220;left&#8220; body_font=&#8220;||||||||&#8220; body_font_size=&#8220;18px&#8220; background_color=&#8220;rgba(229,229,229,0)&#8220; custom_button=&#8220;on&#8220; button_font=&#8220;||||||||&#8220; button_alignment=&#8220;left&#8220; link_option_url_new_window=&#8220;on&#8220; button_bg_color__hover_enabled=&#8220;on&#8220; button_bg_color__hover=&#8220;#e02b20&#8243; _i=&#8220;0&#8243; _address=&#8220;2.0.0.0&#8243;]<\/p>\n<p style=\"text-align: left;\">Wir sind st\u00e4ndig auf der Suche nach neuen Talenten f\u00fcr ETL Services CZ. Wenn Sie mit uns zusammenarbeiten m\u00f6chten, kontaktieren Sie uns.<\/p>\n<p>[\/et_pb_cta][\/et_pb_column][\/et_pb_row][\/et_pb_section]<\/p>\n","protected":false},"excerpt":{"rendered":"<p>Management der Gesellschaft Steuerberater Sprachen: Tschechisch, Englisch, Deutsch Eingetragen bei der Steuerberaterkammer unter der Registrierungsnummer 3422 Wirtschaftspr\u00fcferin Registrierungsnummer 2432 Sprachen: Tschechisch, Englisch Steuerberaterin Sprachen: Tschechisch, Englisch Eingetragen bei der Steuerberaterkammer unter der Registrierungsnummer 4544 Wir sind st\u00e4ndig auf der Suche nach neuen Talenten f\u00fcr ETL Services CZ. Wenn Sie mit uns zusammenarbeiten m\u00f6chten, kontaktieren Sie [&hellip;]<\/p>\n","protected":false},"author":3,"featured_media":0,"parent":0,"menu_order":0,"comment_status":"closed","ping_status":"closed","template":"","meta":{"_et_pb_use_builder":"on","_et_pb_old_content":"","_et_gb_content_width":"","footnotes":""},"class_list":["post-565","page","type-page","status-publish","hentry"],"yoast_head":"<!-- This site is optimized with the Yoast SEO plugin v18.8 - https:\/\/yoast.com\/wordpress\/plugins\/seo\/ -->\n<title>Gesch\u00e4ftsleitung | ETL Services CZ<\/title>\n<meta name=\"description\" content=\"ETL Services CZ provides tailored and flexible services: accounting &amp; payroll, tax, international desk, audit, consulting and technology. Contact us.\" \/>\n<meta name=\"robots\" content=\"index, follow, max-snippet:-1, max-image-preview:large, max-video-preview:-1\" \/>\n<link rel=\"canonical\" href=\"https:\/\/etlservices.cz\/de\/geschaftsleitung\/\" \/>\n<meta property=\"og:locale\" content=\"de_DE\" \/>\n<meta property=\"og:type\" content=\"article\" \/>\n<meta property=\"og:title\" content=\"Gesch\u00e4ftsleitung | ETL Services CZ\" \/>\n<meta property=\"og:description\" content=\"ETL Services CZ provides tailored and flexible services: accounting &amp; payroll, tax, international desk, audit, consulting and technology. Contact us.\" \/>\n<meta property=\"og:url\" content=\"https:\/\/etlservices.cz\/de\/geschaftsleitung\/\" \/>\n<meta property=\"og:site_name\" content=\"ETL Services CZ\" \/>\n<meta property=\"article:modified_time\" content=\"2019-10-04T07:58:44+00:00\" \/>\n<meta name=\"twitter:card\" content=\"summary_large_image\" \/>\n<meta name=\"twitter:label1\" content=\"Gesch\u00e4tzte Lesezeit\" \/>\n\t<meta name=\"twitter:data1\" content=\"4\u00a0Minuten\" \/>\n<script type=\"application\/ld+json\" class=\"yoast-schema-graph\">{\"@context\":\"https:\/\/schema.org\",\"@graph\":[{\"@type\":\"Organization\",\"@id\":\"https:\/\/etlservices.cz\/#organization\",\"name\":\"ETL Services CZ\",\"url\":\"https:\/\/etlservices.cz\/\",\"sameAs\":[],\"logo\":{\"@type\":\"ImageObject\",\"inLanguage\":\"de\",\"@id\":\"https:\/\/etlservices.cz\/#\/schema\/logo\/image\/\",\"url\":\"https:\/\/etlservices.cz\/wp-content\/uploads\/2019\/03\/etlservicescz2.png\",\"contentUrl\":\"https:\/\/etlservices.cz\/wp-content\/uploads\/2019\/03\/etlservicescz2.png\",\"width\":137,\"height\":102,\"caption\":\"ETL Services CZ\"},\"image\":{\"@id\":\"https:\/\/etlservices.cz\/#\/schema\/logo\/image\/\"}},{\"@type\":\"WebSite\",\"@id\":\"https:\/\/etlservices.cz\/#website\",\"url\":\"https:\/\/etlservices.cz\/\",\"name\":\"ETL Services CZ\",\"description\":\"International Management &amp; Business Administration\",\"publisher\":{\"@id\":\"https:\/\/etlservices.cz\/#organization\"},\"potentialAction\":[{\"@type\":\"SearchAction\",\"target\":{\"@type\":\"EntryPoint\",\"urlTemplate\":\"https:\/\/etlservices.cz\/?s={search_term_string}\"},\"query-input\":\"required name=search_term_string\"}],\"inLanguage\":\"de\"},{\"@type\":\"WebPage\",\"@id\":\"https:\/\/etlservices.cz\/de\/geschaftsleitung\/#webpage\",\"url\":\"https:\/\/etlservices.cz\/de\/geschaftsleitung\/\",\"name\":\"Gesch\u00e4ftsleitung | ETL Services CZ\",\"isPartOf\":{\"@id\":\"https:\/\/etlservices.cz\/#website\"},\"datePublished\":\"2019-05-07T07:48:59+00:00\",\"dateModified\":\"2019-10-04T07:58:44+00:00\",\"description\":\"ETL Services CZ provides tailored and flexible services: accounting & payroll, tax, international desk, audit, consulting and technology. Contact us.\",\"breadcrumb\":{\"@id\":\"https:\/\/etlservices.cz\/de\/geschaftsleitung\/#breadcrumb\"},\"inLanguage\":\"de\",\"potentialAction\":[{\"@type\":\"ReadAction\",\"target\":[\"https:\/\/etlservices.cz\/de\/geschaftsleitung\/\"]}]},{\"@type\":\"BreadcrumbList\",\"@id\":\"https:\/\/etlservices.cz\/de\/geschaftsleitung\/#breadcrumb\",\"itemListElement\":[{\"@type\":\"ListItem\",\"position\":1,\"name\":\"Home\",\"item\":\"https:\/\/etlservices.cz\/de\/\"},{\"@type\":\"ListItem\",\"position\":2,\"name\":\"Gesch\u00e4ftsleitung\"}]}]}<\/script>\n<!-- \/ Yoast SEO plugin. -->","yoast_head_json":{"title":"Gesch\u00e4ftsleitung | ETL Services CZ","description":"ETL Services CZ provides tailored and flexible services: accounting & payroll, tax, international desk, audit, consulting and technology. Contact us.","robots":{"index":"index","follow":"follow","max-snippet":"max-snippet:-1","max-image-preview":"max-image-preview:large","max-video-preview":"max-video-preview:-1"},"canonical":"https:\/\/etlservices.cz\/de\/geschaftsleitung\/","og_locale":"de_DE","og_type":"article","og_title":"Gesch\u00e4ftsleitung | ETL Services CZ","og_description":"ETL Services CZ provides tailored and flexible services: accounting & payroll, tax, international desk, audit, consulting and technology. Contact us.","og_url":"https:\/\/etlservices.cz\/de\/geschaftsleitung\/","og_site_name":"ETL Services CZ","article_modified_time":"2019-10-04T07:58:44+00:00","twitter_card":"summary_large_image","twitter_misc":{"Gesch\u00e4tzte Lesezeit":"4\u00a0Minuten"},"schema":{"@context":"https:\/\/schema.org","@graph":[{"@type":"Organization","@id":"https:\/\/etlservices.cz\/#organization","name":"ETL Services CZ","url":"https:\/\/etlservices.cz\/","sameAs":[],"logo":{"@type":"ImageObject","inLanguage":"de","@id":"https:\/\/etlservices.cz\/#\/schema\/logo\/image\/","url":"https:\/\/etlservices.cz\/wp-content\/uploads\/2019\/03\/etlservicescz2.png","contentUrl":"https:\/\/etlservices.cz\/wp-content\/uploads\/2019\/03\/etlservicescz2.png","width":137,"height":102,"caption":"ETL Services CZ"},"image":{"@id":"https:\/\/etlservices.cz\/#\/schema\/logo\/image\/"}},{"@type":"WebSite","@id":"https:\/\/etlservices.cz\/#website","url":"https:\/\/etlservices.cz\/","name":"ETL Services CZ","description":"International Management &amp; Business Administration","publisher":{"@id":"https:\/\/etlservices.cz\/#organization"},"potentialAction":[{"@type":"SearchAction","target":{"@type":"EntryPoint","urlTemplate":"https:\/\/etlservices.cz\/?s={search_term_string}"},"query-input":"required name=search_term_string"}],"inLanguage":"de"},{"@type":"WebPage","@id":"https:\/\/etlservices.cz\/de\/geschaftsleitung\/#webpage","url":"https:\/\/etlservices.cz\/de\/geschaftsleitung\/","name":"Gesch\u00e4ftsleitung | ETL Services CZ","isPartOf":{"@id":"https:\/\/etlservices.cz\/#website"},"datePublished":"2019-05-07T07:48:59+00:00","dateModified":"2019-10-04T07:58:44+00:00","description":"ETL Services CZ provides tailored and flexible services: accounting & payroll, tax, international desk, audit, consulting and technology. Contact us.","breadcrumb":{"@id":"https:\/\/etlservices.cz\/de\/geschaftsleitung\/#breadcrumb"},"inLanguage":"de","potentialAction":[{"@type":"ReadAction","target":["https:\/\/etlservices.cz\/de\/geschaftsleitung\/"]}]},{"@type":"BreadcrumbList","@id":"https:\/\/etlservices.cz\/de\/geschaftsleitung\/#breadcrumb","itemListElement":[{"@type":"ListItem","position":1,"name":"Home","item":"https:\/\/etlservices.cz\/de\/"},{"@type":"ListItem","position":2,"name":"Gesch\u00e4ftsleitung"}]}]}},"_links":{"self":[{"href":"https:\/\/etlservices.cz\/de\/wp-json\/wp\/v2\/pages\/565","targetHints":{"allow":["GET"]}}],"collection":[{"href":"https:\/\/etlservices.cz\/de\/wp-json\/wp\/v2\/pages"}],"about":[{"href":"https:\/\/etlservices.cz\/de\/wp-json\/wp\/v2\/types\/page"}],"author":[{"embeddable":true,"href":"https:\/\/etlservices.cz\/de\/wp-json\/wp\/v2\/users\/3"}],"replies":[{"embeddable":true,"href":"https:\/\/etlservices.cz\/de\/wp-json\/wp\/v2\/comments?post=565"}],"version-history":[{"count":4,"href":"https:\/\/etlservices.cz\/de\/wp-json\/wp\/v2\/pages\/565\/revisions"}],"predecessor-version":[{"id":772,"href":"https:\/\/etlservices.cz\/de\/wp-json\/wp\/v2\/pages\/565\/revisions\/772"}],"wp:attachment":[{"href":"https:\/\/etlservices.cz\/de\/wp-json\/wp\/v2\/media?parent=565"}],"curies":[{"name":"wp","href":"https:\/\/api.w.org\/{rel}","templated":true}]}}