{"id":559,"date":"2019-05-07T07:42:27","date_gmt":"2019-05-07T07:42:27","guid":{"rendered":"https:\/\/etlservices.cz\/wirtschaftsprufung\/"},"modified":"2019-10-04T08:13:24","modified_gmt":"2019-10-04T08:13:24","slug":"wirtschaftsprufung","status":"publish","type":"page","link":"https:\/\/etlservices.cz\/de\/wirtschaftsprufung\/","title":{"rendered":"Wirtschaftspr\u00fcfung"},"content":{"rendered":"<p>[et_pb_section fb_built=&#8220;1&#8243; admin_label=&#8220;Split Section&#8220; _builder_version=&#8220;3.22.3&#8243; custom_padding=&#8220;0px||0px|&#8220; animation_style=&#8220;fold&#8220; animation_direction=&#8220;bottom&#8220; animation_intensity_fold=&#8220;4%&#8220; fb_built=&#8220;1&#8243; _i=&#8220;0&#8243; _address=&#8220;0&#8243;][et_pb_row use_custom_gutter=&#8220;on&#8220; gutter_width=&#8220;1&#8243; make_equal=&#8220;on&#8220; module_id=&#8220;audit&#8220; module_class=&#8220; et_pb_row_fullwidth&#8220; _builder_version=&#8220;3.25&#8243; background_size=&#8220;initial&#8220; background_position=&#8220;top_left&#8220; background_repeat=&#8220;repeat&#8220; width=&#8220;100%&#8220; width_tablet=&#8220;100%&#8220; width_last_edited=&#8220;on|desktop&#8220; max_width=&#8220;100%&#8220; max_width_tablet=&#8220;100%&#8220; max_width_last_edited=&#8220;on|desktop&#8220; custom_margin=&#8220;0px||0px|&#8220; custom_padding=&#8220;0px||0px|&#8220; make_fullwidth=&#8220;on&#8220; _i=&#8220;0&#8243; _address=&#8220;0.0&#8243; column_structure=&#8220;1_2,1_2&#8243;][et_pb_column type=&#8220;1_2&#8243; _builder_version=&#8220;3.25&#8243; background_color=&#8220;#f4f4f4&#8243; background_position=&#8220;center_right&#8220; custom_padding=&#8220;8%|6%|8%|6%&#8220; _i=&#8220;0&#8243; _address=&#8220;0.0.0&#8243; custom_padding__hover=&#8220;|||&#8220;][et_pb_divider color=&#8220; #E62A25&#8243; divider_weight=&#8220;3px&#8220; disabled_on=&#8220;off|off|off&#8220; _builder_version=&#8220;3.19.10&#8243; background_color_gradient_direction=&#8220;90deg&#8220; max_width=&#8220;100px&#8220; module_alignment=&#8220;left&#8220; height=&#8220;5px&#8220; custom_margin=&#8220;||20px|&#8220; custom_padding=&#8220;||20px|&#8220; animation_style=&#8220;slide&#8220; animation_direction=&#8220;bottom&#8220; saved_tabs=&#8220;all&#8220; locked=&#8220;off&#8220; _i=&#8220;0&#8243; _address=&#8220;0.0.0.0&#8243;][\/et_pb_divider][et_pb_text _builder_version=&#8220;3.29.3&#8243; header_font=&#8220;Montserrat||||||||&#8220; header_font_size=&#8220;36px&#8220; hover_enabled=&#8220;0&#8243;]<\/p>\n<h1>Wirtschaftspr\u00fcfung<\/h1>\n<p>[\/et_pb_text][et_pb_cta button_url=&#8220;https:\/\/etlservices.cz\/de\/kontakt\/&#8220; button_text=&#8220;KONTAKT&#8220; admin_label=&#8220;Feature 01&#8243; _builder_version=&#8220;3.29.3&#8243; header_font=&#8220;Montserrat||||&#8220; header_text_color=&#8220;#1f1f1f&#8220; header_font_size=&#8220;36&#8243; header_line_height=&#8220;1.4em&#8220; body_font_size=&#8220;16&#8243; body_line_height=&#8220;1.9em&#8220; use_background_color=&#8220;off&#8220; custom_button=&#8220;on&#8220; button_text_size=&#8220;18&#8243; button_text_color=&#8220;#ffffff&#8220; button_bg_color=&#8220;#e62a25&#8243; button_border_color=&#8220; #E62A25&#8243; button_border_radius=&#8220;0&#8243; button_letter_spacing=&#8220;2&#8243; button_font=&#8220;Montserrat|||on|&#8220; button_use_icon=&#8220;off&#8220; text_orientation=&#8220;left&#8220; background_layout=&#8220;light&#8220; max_width=&#8220;450px&#8220; module_alignment=&#8220;left&#8220; custom_margin=&#8220;|||&#8220; custom_padding=&#8220;|||&#8220; animation_style=&#8220;fold&#8220; animation_direction=&#8220;bottom&#8220; animation_intensity_fold=&#8220;15%&#8220; hover_enabled=&#8220;0&#8243; button_text_color_hover=&#8220;#1D3457&#8243; button_border_color_hover=&#8220;#1D3457&#8243; button_border_radius_hover=&#8220;0&#8243; button_letter_spacing_hover=&#8220;2&#8243; button_bg_color_hover=&#8220;rgba(0,0,0,0)&#8220; saved_tabs=&#8220;all&#8220; locked=&#8220;off&#8220; button_text_size__hover_enabled=&#8220;off&#8220; button_one_text_size__hover_enabled=&#8220;off&#8220; button_two_text_size__hover_enabled=&#8220;off&#8220; button_text_color__hover_enabled=&#8220;on&#8220; button_text_color__hover=&#8220;#1D3457&#8243; button_one_text_color__hover_enabled=&#8220;off&#8220; button_two_text_color__hover_enabled=&#8220;off&#8220; button_border_width__hover_enabled=&#8220;off&#8220; button_one_border_width__hover_enabled=&#8220;off&#8220; button_two_border_width__hover_enabled=&#8220;off&#8220; button_border_color__hover_enabled=&#8220;on&#8220; button_border_color__hover=&#8220;#1D3457&#8243; button_one_border_color__hover_enabled=&#8220;off&#8220; button_two_border_color__hover_enabled=&#8220;off&#8220; button_border_radius__hover_enabled=&#8220;on&#8220; button_border_radius__hover=&#8220;0&#8243; button_one_border_radius__hover_enabled=&#8220;off&#8220; button_two_border_radius__hover_enabled=&#8220;off&#8220; button_letter_spacing__hover_enabled=&#8220;on&#8220; button_letter_spacing__hover=&#8220;2&#8243; button_one_letter_spacing__hover_enabled=&#8220;off&#8220; button_two_letter_spacing__hover_enabled=&#8220;off&#8220; button_bg_color__hover_enabled=&#8220;on&#8220; button_bg_color__hover=&#8220;rgba(0,0,0,0)&#8220; button_one_bg_color__hover_enabled=&#8220;off&#8220; button_two_bg_color__hover_enabled=&#8220;off&#8220; _i=&#8220;1&#8243; _address=&#8220;0.0.0.1&#8243;]<\/p>\n<p><span style=\"font-weight: 400;\">Sie steuern und \u00fcberwachen Ihr Unternehmen. Wir stellen Ihnen die daf\u00fcr notwendigen Werkzeuge zur Verf\u00fcgung. Unser Ziel ist es, Dienstleistungen anzubieten, die Ihren Bed\u00fcrfnissen und Erwartungen entsprechen. Unsere Dienstleistungen werden von erfahrenem und fachkundigem Personal erbracht. Jedem Kunden wird \u00a0ein Mitarbeiter zugewiesen. Leistungen f\u00fcr Unternehmen unter ausl\u00e4ndischer F\u00fchrung werden durch Mitarbeiter mit entsprechenden Sprachkenntnissen betreut.<\/span><\/p>\n<p><span style=\"font-weight: 400;\">Wir bieten im Rahmen der Wirtschaftspr\u00fcfung:<\/span><\/p>\n<ul>\n<li style=\"font-weight: 400; text-align: left;\"><span style=\"font-weight: 400;\">Pr\u00fcfung der Jahresabschl\u00fcsse<\/span><\/li>\n<li style=\"font-weight: 400; text-align: left;\"><span style=\"font-weight: 400;\">Pr\u00fcfung au\u00dferordentlicher Abschl\u00fcsse<\/span><\/li>\n<li style=\"font-weight: 400; text-align: left;\"><span style=\"font-weight: 400;\">Pr\u00fcfung der Jahresberichte<\/span><\/li>\n<li style=\"font-weight: 400; text-align: left;\"><span style=\"font-weight: 400;\">Pr\u00fcfung der Konzernabschl\u00fcsse<\/span><\/li>\n<li style=\"font-weight: 400; text-align: left;\"><span style=\"font-weight: 400;\">Pr\u00fcfung der Konsolidierungsberichtspakete<\/span><\/li>\n<li style=\"font-weight: 400; text-align: left;\"><span style=\"font-weight: 400;\">Pr\u00fcfung f\u00fcr andere spezifische Zwecke<\/span><\/li>\n<li style=\"font-weight: 400; text-align: left;\"><span style=\"font-weight: 400;\">interne Pr\u00fcfung<\/span><\/li>\n<\/ul>\n<p><span style=\"font-weight: 400;\">Wir erf\u00fcllen vollverantwortlich alle Aufgaben gem\u00e4\u00df den Vorschriften und Gesetzen der Tschechischen Republik.<\/span><\/p>\n<p>[\/et_pb_cta][\/et_pb_column][et_pb_column type=&#8220;1_2&#8243; _builder_version=&#8220;3.25&#8243; background_color=&#8220;#f4f4f4&#8243; background_image=&#8220;https:\/\/etlservices.cz\/wp-content\/uploads\/2019\/02\/analyse-anzug-arbeit-1080865.jpg&#8220; custom_padding=&#8220;8%|6%|8%|6%&#8220; _i=&#8220;1&#8243; _address=&#8220;0.0.1&#8243; custom_padding__hover=&#8220;|||&#8220;][\/et_pb_column][\/et_pb_row][\/et_pb_section]<\/p>\n","protected":false},"excerpt":{"rendered":"<p>Wirtschaftspr\u00fcfung Sie steuern und \u00fcberwachen Ihr Unternehmen. Wir stellen Ihnen die daf\u00fcr notwendigen Werkzeuge zur Verf\u00fcgung. Unser Ziel ist es, Dienstleistungen anzubieten, die Ihren Bed\u00fcrfnissen und Erwartungen entsprechen. Unsere Dienstleistungen werden von erfahrenem und fachkundigem Personal erbracht. Jedem Kunden wird \u00a0ein Mitarbeiter zugewiesen. Leistungen f\u00fcr Unternehmen unter ausl\u00e4ndischer F\u00fchrung werden durch Mitarbeiter mit entsprechenden Sprachkenntnissen [&hellip;]<\/p>\n","protected":false},"author":3,"featured_media":0,"parent":0,"menu_order":0,"comment_status":"closed","ping_status":"closed","template":"","meta":{"_et_pb_use_builder":"on","_et_pb_old_content":"","_et_gb_content_width":""},"yoast_head":"<!-- This site is optimized with the Yoast SEO plugin v18.8 - https:\/\/yoast.com\/wordpress\/plugins\/seo\/ -->\n<title>Wirtschaftspr\u00fcfung | ETL Services CZ<\/title>\n<meta name=\"description\" content=\"ETL Services CZ provides tailored and flexible services: accounting &amp; payroll, tax, international desk, audit, consulting and technology. Contact us.\" \/>\n<meta name=\"robots\" content=\"index, follow, max-snippet:-1, max-image-preview:large, max-video-preview:-1\" \/>\n<link rel=\"canonical\" href=\"https:\/\/etlservices.cz\/de\/wirtschaftsprufung\/\" \/>\n<meta property=\"og:locale\" content=\"de_DE\" \/>\n<meta property=\"og:type\" content=\"article\" \/>\n<meta property=\"og:title\" content=\"Wirtschaftspr\u00fcfung | ETL Services CZ\" \/>\n<meta property=\"og:description\" content=\"ETL Services CZ provides tailored and flexible services: accounting &amp; payroll, tax, international desk, audit, consulting and technology. Contact us.\" \/>\n<meta property=\"og:url\" content=\"https:\/\/etlservices.cz\/de\/wirtschaftsprufung\/\" \/>\n<meta property=\"og:site_name\" content=\"ETL Services CZ\" \/>\n<meta property=\"article:modified_time\" content=\"2019-10-04T08:13:24+00:00\" \/>\n<meta name=\"twitter:card\" content=\"summary_large_image\" \/>\n<meta name=\"twitter:label1\" content=\"Gesch\u00e4tzte Lesezeit\" \/>\n\t<meta name=\"twitter:data1\" content=\"3\u00a0Minuten\" \/>\n<script type=\"application\/ld+json\" class=\"yoast-schema-graph\">{\"@context\":\"https:\/\/schema.org\",\"@graph\":[{\"@type\":\"Organization\",\"@id\":\"https:\/\/etlservices.cz\/#organization\",\"name\":\"ETL Services CZ\",\"url\":\"https:\/\/etlservices.cz\/\",\"sameAs\":[],\"logo\":{\"@type\":\"ImageObject\",\"inLanguage\":\"de\",\"@id\":\"https:\/\/etlservices.cz\/#\/schema\/logo\/image\/\",\"url\":\"https:\/\/etlservices.cz\/wp-content\/uploads\/2019\/03\/etlservicescz2.png\",\"contentUrl\":\"https:\/\/etlservices.cz\/wp-content\/uploads\/2019\/03\/etlservicescz2.png\",\"width\":137,\"height\":102,\"caption\":\"ETL Services CZ\"},\"image\":{\"@id\":\"https:\/\/etlservices.cz\/#\/schema\/logo\/image\/\"}},{\"@type\":\"WebSite\",\"@id\":\"https:\/\/etlservices.cz\/#website\",\"url\":\"https:\/\/etlservices.cz\/\",\"name\":\"ETL Services CZ\",\"description\":\"International Management &amp; Business Administration\",\"publisher\":{\"@id\":\"https:\/\/etlservices.cz\/#organization\"},\"potentialAction\":[{\"@type\":\"SearchAction\",\"target\":{\"@type\":\"EntryPoint\",\"urlTemplate\":\"https:\/\/etlservices.cz\/?s={search_term_string}\"},\"query-input\":\"required name=search_term_string\"}],\"inLanguage\":\"de\"},{\"@type\":\"WebPage\",\"@id\":\"https:\/\/etlservices.cz\/de\/wirtschaftsprufung\/#webpage\",\"url\":\"https:\/\/etlservices.cz\/de\/wirtschaftsprufung\/\",\"name\":\"Wirtschaftspr\u00fcfung | ETL Services CZ\",\"isPartOf\":{\"@id\":\"https:\/\/etlservices.cz\/#website\"},\"datePublished\":\"2019-05-07T07:42:27+00:00\",\"dateModified\":\"2019-10-04T08:13:24+00:00\",\"description\":\"ETL Services CZ provides tailored and flexible services: accounting & payroll, tax, international desk, audit, consulting and technology. Contact us.\",\"breadcrumb\":{\"@id\":\"https:\/\/etlservices.cz\/de\/wirtschaftsprufung\/#breadcrumb\"},\"inLanguage\":\"de\",\"potentialAction\":[{\"@type\":\"ReadAction\",\"target\":[\"https:\/\/etlservices.cz\/de\/wirtschaftsprufung\/\"]}]},{\"@type\":\"BreadcrumbList\",\"@id\":\"https:\/\/etlservices.cz\/de\/wirtschaftsprufung\/#breadcrumb\",\"itemListElement\":[{\"@type\":\"ListItem\",\"position\":1,\"name\":\"Home\",\"item\":\"https:\/\/etlservices.cz\/de\/\"},{\"@type\":\"ListItem\",\"position\":2,\"name\":\"Wirtschaftspr\u00fcfung\"}]}]}<\/script>\n<!-- \/ Yoast SEO plugin. -->","yoast_head_json":{"title":"Wirtschaftspr\u00fcfung | ETL Services CZ","description":"ETL Services CZ provides tailored and flexible services: accounting & payroll, tax, international desk, audit, consulting and technology. Contact us.","robots":{"index":"index","follow":"follow","max-snippet":"max-snippet:-1","max-image-preview":"max-image-preview:large","max-video-preview":"max-video-preview:-1"},"canonical":"https:\/\/etlservices.cz\/de\/wirtschaftsprufung\/","og_locale":"de_DE","og_type":"article","og_title":"Wirtschaftspr\u00fcfung | ETL Services CZ","og_description":"ETL Services CZ provides tailored and flexible services: accounting & payroll, tax, international desk, audit, consulting and technology. Contact us.","og_url":"https:\/\/etlservices.cz\/de\/wirtschaftsprufung\/","og_site_name":"ETL Services CZ","article_modified_time":"2019-10-04T08:13:24+00:00","twitter_card":"summary_large_image","twitter_misc":{"Gesch\u00e4tzte Lesezeit":"3\u00a0Minuten"},"schema":{"@context":"https:\/\/schema.org","@graph":[{"@type":"Organization","@id":"https:\/\/etlservices.cz\/#organization","name":"ETL Services CZ","url":"https:\/\/etlservices.cz\/","sameAs":[],"logo":{"@type":"ImageObject","inLanguage":"de","@id":"https:\/\/etlservices.cz\/#\/schema\/logo\/image\/","url":"https:\/\/etlservices.cz\/wp-content\/uploads\/2019\/03\/etlservicescz2.png","contentUrl":"https:\/\/etlservices.cz\/wp-content\/uploads\/2019\/03\/etlservicescz2.png","width":137,"height":102,"caption":"ETL Services CZ"},"image":{"@id":"https:\/\/etlservices.cz\/#\/schema\/logo\/image\/"}},{"@type":"WebSite","@id":"https:\/\/etlservices.cz\/#website","url":"https:\/\/etlservices.cz\/","name":"ETL Services CZ","description":"International Management &amp; Business Administration","publisher":{"@id":"https:\/\/etlservices.cz\/#organization"},"potentialAction":[{"@type":"SearchAction","target":{"@type":"EntryPoint","urlTemplate":"https:\/\/etlservices.cz\/?s={search_term_string}"},"query-input":"required name=search_term_string"}],"inLanguage":"de"},{"@type":"WebPage","@id":"https:\/\/etlservices.cz\/de\/wirtschaftsprufung\/#webpage","url":"https:\/\/etlservices.cz\/de\/wirtschaftsprufung\/","name":"Wirtschaftspr\u00fcfung | ETL Services CZ","isPartOf":{"@id":"https:\/\/etlservices.cz\/#website"},"datePublished":"2019-05-07T07:42:27+00:00","dateModified":"2019-10-04T08:13:24+00:00","description":"ETL Services CZ provides tailored and flexible services: accounting & payroll, tax, international desk, audit, consulting and technology. Contact us.","breadcrumb":{"@id":"https:\/\/etlservices.cz\/de\/wirtschaftsprufung\/#breadcrumb"},"inLanguage":"de","potentialAction":[{"@type":"ReadAction","target":["https:\/\/etlservices.cz\/de\/wirtschaftsprufung\/"]}]},{"@type":"BreadcrumbList","@id":"https:\/\/etlservices.cz\/de\/wirtschaftsprufung\/#breadcrumb","itemListElement":[{"@type":"ListItem","position":1,"name":"Home","item":"https:\/\/etlservices.cz\/de\/"},{"@type":"ListItem","position":2,"name":"Wirtschaftspr\u00fcfung"}]}]}},"_links":{"self":[{"href":"https:\/\/etlservices.cz\/de\/wp-json\/wp\/v2\/pages\/559"}],"collection":[{"href":"https:\/\/etlservices.cz\/de\/wp-json\/wp\/v2\/pages"}],"about":[{"href":"https:\/\/etlservices.cz\/de\/wp-json\/wp\/v2\/types\/page"}],"author":[{"embeddable":true,"href":"https:\/\/etlservices.cz\/de\/wp-json\/wp\/v2\/users\/3"}],"replies":[{"embeddable":true,"href":"https:\/\/etlservices.cz\/de\/wp-json\/wp\/v2\/comments?post=559"}],"version-history":[{"count":3,"href":"https:\/\/etlservices.cz\/de\/wp-json\/wp\/v2\/pages\/559\/revisions"}],"predecessor-version":[{"id":779,"href":"https:\/\/etlservices.cz\/de\/wp-json\/wp\/v2\/pages\/559\/revisions\/779"}],"wp:attachment":[{"href":"https:\/\/etlservices.cz\/de\/wp-json\/wp\/v2\/media?parent=559"}],"curies":[{"name":"wp","href":"https:\/\/api.w.org\/{rel}","templated":true}]}}