{"id":547,"date":"2019-05-07T07:19:30","date_gmt":"2019-05-07T07:19:30","guid":{"rendered":"https:\/\/etlservices.cz\/unternehmen\/"},"modified":"2019-10-04T07:57:47","modified_gmt":"2019-10-04T07:57:47","slug":"unternehmen","status":"publish","type":"page","link":"https:\/\/etlservices.cz\/de\/unternehmen\/","title":{"rendered":"Unternehmen"},"content":{"rendered":"<p>[et_pb_section fb_built=&#8220;1&#8243; fullwidth=&#8220;on&#8220; admin_label=&#8220;Page Header&#8220; _builder_version=&#8220;3.22.3&#8243; parallax=&#8220;on&#8220; custom_padding=&#8220;0px|0px|0|0px|false|false&#8220; fb_built=&#8220;1&#8243; _i=&#8220;0&#8243; _address=&#8220;0&#8243;][et_pb_fullwidth_header title=&#8220;UNTERNEHMEN&#8220; text_orientation=&#8220;center&#8220; _builder_version=&#8220;3.29.3&#8243; title_font=&#8220;Montserrat|500|||||||&#8220; title_text_align=&#8220;center&#8220; title_font_size=&#8220;50px&#8220; use_background_color_gradient=&#8220;on&#8220; background_color_gradient_start=&#8220;rgba(0,0,0,0.39)&#8220; background_color_gradient_end=&#8220;rgba(0,0,0,0.01)&#8220; background_color_gradient_overlays_image=&#8220;on&#8220; background_image=&#8220;https:\/\/etlservices.cz\/wp-content\/uploads\/2019\/03\/sean-pollock-203658-unsplash.jpg&#8220; hover_enabled=&#8220;0&#8243; _i=&#8220;0&#8243; _address=&#8220;0.0&#8243; title_font_size_last_edited=&#8220;on|phone&#8220; title_font_size_phone=&#8220;30px&#8220;][\/et_pb_fullwidth_header][\/et_pb_section][et_pb_section fb_built=&#8220;1&#8243; admin_label=&#8220;Our Team&#8220; _builder_version=&#8220;3.22.3&#8243; custom_padding=&#8220;8px||48px||false|false&#8220; fb_built=&#8220;1&#8243; _i=&#8220;1&#8243; _address=&#8220;1&#8243;][et_pb_row _builder_version=&#8220;3.25&#8243; background_size=&#8220;initial&#8220; background_position=&#8220;top_left&#8220; background_repeat=&#8220;repeat&#8220; module_alignment=&#8220;center&#8220; custom_padding=&#8220;47px|0px|27px|0px|false|false&#8220; custom_width_px=&#8220;710px&#8220; locked=&#8220;off&#8220; _i=&#8220;0&#8243; _address=&#8220;1.0&#8243;][et_pb_column type=&#8220;4_4&#8243; _builder_version=&#8220;3.25&#8243; background_position=&#8220;top_left&#8220; custom_padding=&#8220;|||&#8220; _i=&#8220;0&#8243; _address=&#8220;1.0.0&#8243; custom_padding__hover=&#8220;|||&#8220;][et_pb_divider show_divider=&#8220;off&#8220; _builder_version=&#8220;3.2&#8243; background_color_gradient_direction=&#8220;90deg&#8220; max_width=&#8220;100px&#8220; module_alignment=&#8220;center&#8220; height=&#8220;5px&#8220; custom_margin=&#8220;||20px|&#8220; custom_padding=&#8220;||20px|&#8220; animation_style=&#8220;slide&#8220; animation_direction=&#8220;bottom&#8220; disabled_on=&#8220;off|off|off&#8220; saved_tabs=&#8220;all&#8220; locked=&#8220;off&#8220; _i=&#8220;0&#8243; _address=&#8220;1.0.0.0&#8243;][\/et_pb_divider][et_pb_divider color=&#8220; #E62A25&#8243; divider_weight=&#8220;3px&#8220; _builder_version=&#8220;3.19.10&#8243; background_color_gradient_direction=&#8220;90deg&#8220; max_width=&#8220;100px&#8220; module_alignment=&#8220;center&#8220; height=&#8220;5px&#8220; custom_margin=&#8220;||20px|&#8220; custom_padding=&#8220;||20px|&#8220; animation_style=&#8220;slide&#8220; animation_direction=&#8220;bottom&#8220; disabled_on=&#8220;off|off|off&#8220; saved_tabs=&#8220;all&#8220; locked=&#8220;off&#8220; _i=&#8220;1&#8243; _address=&#8220;1.0.0.1&#8243;][\/et_pb_divider][et_pb_text admin_label=&#8220;Team Section Title&#8220; _builder_version=&#8220;3.27.4&#8243; header_font=&#8220;Montserrat||||&#8220; header_text_color=&#8220;#1f1f1f&#8220; header_font_size=&#8220;36px&#8220; text_orientation=&#8220;center&#8220; max_width=&#8220;710px&#8220; module_alignment=&#8220;center&#8220; animation_style=&#8220;fold&#8220; animation_direction=&#8220;bottom&#8220; animation_intensity_fold=&#8220;20%&#8220; _i=&#8220;2&#8243; _address=&#8220;1.0.0.2&#8243;]<\/p>\n<h1><span style=\"font-weight: 400;\">Mehr als 20 Jahre Erfahrung<\/span><\/h1>\n<p>[\/et_pb_text][\/et_pb_column][\/et_pb_row][et_pb_row make_equal=&#8220;on&#8220; _builder_version=&#8220;3.25&#8243; module_alignment=&#8220;center&#8220; _i=&#8220;1&#8243; _address=&#8220;1.1&#8243;][et_pb_column type=&#8220;4_4&#8243; _builder_version=&#8220;3.25&#8243; custom_padding=&#8220;|||&#8220; _i=&#8220;0&#8243; _address=&#8220;1.1.0&#8243; custom_padding__hover=&#8220;|||&#8220;][et_pb_text admin_label=&#8220;Team Section Subtitle&#8220; _builder_version=&#8220;3.27.4&#8243; text_font_size=&#8220;16px&#8220; text_line_height=&#8220;1.9em&#8220; background_size=&#8220;initial&#8220; background_position=&#8220;top_left&#8220; background_repeat=&#8220;repeat&#8220; text_orientation=&#8220;center&#8220; max_width=&#8220;710px&#8220; module_alignment=&#8220;center&#8220; animation_style=&#8220;fold&#8220; animation_direction=&#8220;bottom&#8220; animation_intensity_fold=&#8220;20%&#8220; _i=&#8220;0&#8243; _address=&#8220;1.1.0.0&#8243;]<\/p>\n<p><span style=\"font-weight: 400;\">ETL Services CZ und IG-CZ Audit haben sich seit ihrem Bestehen nicht nur auf inl\u00e4ndische Kunden konzentriert, sondern auch auf ausl\u00e4ndische Unternehmen, die in unseren Markt eintreten m\u00f6chten oder bereits gestartet haben.<\/span><\/p>\n<p><span style=\"font-weight: 400;\">Die Hauptaktivit\u00e4ten, die wir unseren Kunden anbieten, umfassen:<\/span><\/p>\n<p><span style=\"font-weight: 400;\"><\/span><\/p>\n<ul>\n<li style=\"font-weight: 400; text-align: left;\"><span style=\"font-weight: 400;\">Rechnungswesen in IFS, SAP R3 \/ HANA, INFOR, ABRA, HELIOS.<\/span><\/li>\n<li style=\"font-weight: 400; text-align: left;\"><span style=\"font-weight: 400;\">Lohn- und Gehaltsabrechnung<\/span><\/li>\n<li style=\"font-weight: 400; text-align: left;\"><span style=\"font-weight: 400;\">Steuern<\/span><\/li>\n<li style=\"font-weight: 400; text-align: left;\"><span style=\"font-weight: 400;\">Wirtschaftspr\u00fcfung<\/span><\/li>\n<li style=\"font-weight: 400; text-align: left;\"><span style=\"font-weight: 400;\">Authentifizierungskonsolidierung<\/span><\/li>\n<li style=\"font-weight: 400; text-align: left;\"><span style=\"font-weight: 400;\">Berichtspakete<\/span><\/li>\n<li style=\"font-weight: 400; text-align: left;\"><span style=\"font-weight: 400;\">Due-Diligence-Pr\u00fcfung<\/span><\/li>\n<li style=\"font-weight: 400; text-align: left;\"><span style=\"font-weight: 400;\">Finanzberatung Privatverm\u00f6gen<\/span><\/li>\n<li style=\"font-weight: 400; text-align: left;\"><span style=\"font-weight: 400;\">Finanzberatung Investitionsverm\u00f6gen<\/span><\/li>\n<li style=\"font-weight: 400; text-align: left;\"><span style=\"font-weight: 400;\">Management von Unternehmen<\/span><\/li>\n<li style=\"font-weight: 400; text-align: left;\"><span style=\"font-weight: 400;\">Interne Dienstleistungen<\/span><\/li>\n<li style=\"font-weight: 400; text-align: left;\"><span style=\"font-weight: 400;\">Kontrollsystem<\/span><\/li>\n<li style=\"font-weight: 400; text-align: left;\"><span style=\"font-weight: 400;\">Erstellen von Berichten f\u00fcr inl\u00e4ndische und<\/span><\/li>\n<li style=\"font-weight: 400; text-align: left;\"><span style=\"font-weight: 400;\">Ausl\u00e4ndische Gesellschaften<\/span><\/li>\n<li style=\"font-weight: 400; text-align: left;\"><span style=\"font-weight: 400;\">Beratung<\/span><\/li>\n<li style=\"font-weight: 400; text-align: left;\"><span style=\"font-weight: 400;\">Technologien<\/span><\/li>\n<li style=\"font-weight: 400; text-align: left;\"><span style=\"font-weight: 400;\">Juristische Dienstleistungen<\/span><\/li>\n<li style=\"font-weight: 400; text-align: left;\"><span style=\"font-weight: 400;\">Verrechnungspreise<\/span><\/li>\n<\/ul>\n<p>[\/et_pb_text][\/et_pb_column][\/et_pb_row][\/et_pb_section]<\/p>\n","protected":false},"excerpt":{"rendered":"<p>Mehr als 20 Jahre ErfahrungETL Services CZ und IG-CZ Audit haben sich seit ihrem Bestehen nicht nur auf inl\u00e4ndische Kunden konzentriert, sondern auch auf ausl\u00e4ndische Unternehmen, die in unseren Markt eintreten m\u00f6chten oder bereits gestartet haben. Die Hauptaktivit\u00e4ten, die wir unseren Kunden anbieten, umfassen: Rechnungswesen in IFS, SAP R3 \/ HANA, INFOR, ABRA, HELIOS. Lohn- [&hellip;]<\/p>\n","protected":false},"author":3,"featured_media":0,"parent":0,"menu_order":0,"comment_status":"closed","ping_status":"closed","template":"","meta":{"_et_pb_use_builder":"on","_et_pb_old_content":"","_et_gb_content_width":"","footnotes":""},"class_list":["post-547","page","type-page","status-publish","hentry"],"yoast_head":"<!-- This site is optimized with the Yoast SEO plugin v18.8 - https:\/\/yoast.com\/wordpress\/plugins\/seo\/ -->\n<title>Unternehmen | ETL Services CZ<\/title>\n<meta name=\"description\" content=\"ETL Services CZ provides tailored and flexible services: accounting &amp; payroll, tax, international desk, audit, consulting and technology. Contact us.\" \/>\n<meta name=\"robots\" content=\"index, follow, max-snippet:-1, max-image-preview:large, max-video-preview:-1\" \/>\n<link rel=\"canonical\" href=\"https:\/\/etlservices.cz\/de\/unternehmen\/\" \/>\n<meta property=\"og:locale\" content=\"de_DE\" \/>\n<meta property=\"og:type\" content=\"article\" \/>\n<meta property=\"og:title\" content=\"Unternehmen | ETL Services CZ\" \/>\n<meta property=\"og:description\" content=\"ETL Services CZ provides tailored and flexible services: accounting &amp; payroll, tax, international desk, audit, consulting and technology. Contact us.\" \/>\n<meta property=\"og:url\" content=\"https:\/\/etlservices.cz\/de\/unternehmen\/\" \/>\n<meta property=\"og:site_name\" content=\"ETL Services CZ\" \/>\n<meta property=\"article:modified_time\" content=\"2019-10-04T07:57:47+00:00\" \/>\n<meta name=\"twitter:card\" content=\"summary_large_image\" \/>\n<meta name=\"twitter:label1\" content=\"Gesch\u00e4tzte Lesezeit\" \/>\n\t<meta name=\"twitter:data1\" content=\"3\u00a0Minuten\" \/>\n<script type=\"application\/ld+json\" class=\"yoast-schema-graph\">{\"@context\":\"https:\/\/schema.org\",\"@graph\":[{\"@type\":\"Organization\",\"@id\":\"https:\/\/etlservices.cz\/#organization\",\"name\":\"ETL Services CZ\",\"url\":\"https:\/\/etlservices.cz\/\",\"sameAs\":[],\"logo\":{\"@type\":\"ImageObject\",\"inLanguage\":\"de\",\"@id\":\"https:\/\/etlservices.cz\/#\/schema\/logo\/image\/\",\"url\":\"https:\/\/etlservices.cz\/wp-content\/uploads\/2019\/03\/etlservicescz2.png\",\"contentUrl\":\"https:\/\/etlservices.cz\/wp-content\/uploads\/2019\/03\/etlservicescz2.png\",\"width\":137,\"height\":102,\"caption\":\"ETL Services CZ\"},\"image\":{\"@id\":\"https:\/\/etlservices.cz\/#\/schema\/logo\/image\/\"}},{\"@type\":\"WebSite\",\"@id\":\"https:\/\/etlservices.cz\/#website\",\"url\":\"https:\/\/etlservices.cz\/\",\"name\":\"ETL Services CZ\",\"description\":\"International Management &amp; Business Administration\",\"publisher\":{\"@id\":\"https:\/\/etlservices.cz\/#organization\"},\"potentialAction\":[{\"@type\":\"SearchAction\",\"target\":{\"@type\":\"EntryPoint\",\"urlTemplate\":\"https:\/\/etlservices.cz\/?s={search_term_string}\"},\"query-input\":\"required name=search_term_string\"}],\"inLanguage\":\"de\"},{\"@type\":\"WebPage\",\"@id\":\"https:\/\/etlservices.cz\/de\/unternehmen\/#webpage\",\"url\":\"https:\/\/etlservices.cz\/de\/unternehmen\/\",\"name\":\"Unternehmen | ETL Services CZ\",\"isPartOf\":{\"@id\":\"https:\/\/etlservices.cz\/#website\"},\"datePublished\":\"2019-05-07T07:19:30+00:00\",\"dateModified\":\"2019-10-04T07:57:47+00:00\",\"description\":\"ETL Services CZ provides tailored and flexible services: accounting & payroll, tax, international desk, audit, consulting and technology. Contact us.\",\"breadcrumb\":{\"@id\":\"https:\/\/etlservices.cz\/de\/unternehmen\/#breadcrumb\"},\"inLanguage\":\"de\",\"potentialAction\":[{\"@type\":\"ReadAction\",\"target\":[\"https:\/\/etlservices.cz\/de\/unternehmen\/\"]}]},{\"@type\":\"BreadcrumbList\",\"@id\":\"https:\/\/etlservices.cz\/de\/unternehmen\/#breadcrumb\",\"itemListElement\":[{\"@type\":\"ListItem\",\"position\":1,\"name\":\"Home\",\"item\":\"https:\/\/etlservices.cz\/de\/\"},{\"@type\":\"ListItem\",\"position\":2,\"name\":\"Unternehmen\"}]}]}<\/script>\n<!-- \/ Yoast SEO plugin. -->","yoast_head_json":{"title":"Unternehmen | ETL Services CZ","description":"ETL Services CZ provides tailored and flexible services: accounting & payroll, tax, international desk, audit, consulting and technology. Contact us.","robots":{"index":"index","follow":"follow","max-snippet":"max-snippet:-1","max-image-preview":"max-image-preview:large","max-video-preview":"max-video-preview:-1"},"canonical":"https:\/\/etlservices.cz\/de\/unternehmen\/","og_locale":"de_DE","og_type":"article","og_title":"Unternehmen | ETL Services CZ","og_description":"ETL Services CZ provides tailored and flexible services: accounting & payroll, tax, international desk, audit, consulting and technology. Contact us.","og_url":"https:\/\/etlservices.cz\/de\/unternehmen\/","og_site_name":"ETL Services CZ","article_modified_time":"2019-10-04T07:57:47+00:00","twitter_card":"summary_large_image","twitter_misc":{"Gesch\u00e4tzte Lesezeit":"3\u00a0Minuten"},"schema":{"@context":"https:\/\/schema.org","@graph":[{"@type":"Organization","@id":"https:\/\/etlservices.cz\/#organization","name":"ETL Services CZ","url":"https:\/\/etlservices.cz\/","sameAs":[],"logo":{"@type":"ImageObject","inLanguage":"de","@id":"https:\/\/etlservices.cz\/#\/schema\/logo\/image\/","url":"https:\/\/etlservices.cz\/wp-content\/uploads\/2019\/03\/etlservicescz2.png","contentUrl":"https:\/\/etlservices.cz\/wp-content\/uploads\/2019\/03\/etlservicescz2.png","width":137,"height":102,"caption":"ETL Services CZ"},"image":{"@id":"https:\/\/etlservices.cz\/#\/schema\/logo\/image\/"}},{"@type":"WebSite","@id":"https:\/\/etlservices.cz\/#website","url":"https:\/\/etlservices.cz\/","name":"ETL Services CZ","description":"International Management &amp; Business Administration","publisher":{"@id":"https:\/\/etlservices.cz\/#organization"},"potentialAction":[{"@type":"SearchAction","target":{"@type":"EntryPoint","urlTemplate":"https:\/\/etlservices.cz\/?s={search_term_string}"},"query-input":"required name=search_term_string"}],"inLanguage":"de"},{"@type":"WebPage","@id":"https:\/\/etlservices.cz\/de\/unternehmen\/#webpage","url":"https:\/\/etlservices.cz\/de\/unternehmen\/","name":"Unternehmen | ETL Services CZ","isPartOf":{"@id":"https:\/\/etlservices.cz\/#website"},"datePublished":"2019-05-07T07:19:30+00:00","dateModified":"2019-10-04T07:57:47+00:00","description":"ETL Services CZ provides tailored and flexible services: accounting & payroll, tax, international desk, audit, consulting and technology. Contact us.","breadcrumb":{"@id":"https:\/\/etlservices.cz\/de\/unternehmen\/#breadcrumb"},"inLanguage":"de","potentialAction":[{"@type":"ReadAction","target":["https:\/\/etlservices.cz\/de\/unternehmen\/"]}]},{"@type":"BreadcrumbList","@id":"https:\/\/etlservices.cz\/de\/unternehmen\/#breadcrumb","itemListElement":[{"@type":"ListItem","position":1,"name":"Home","item":"https:\/\/etlservices.cz\/de\/"},{"@type":"ListItem","position":2,"name":"Unternehmen"}]}]}},"_links":{"self":[{"href":"https:\/\/etlservices.cz\/de\/wp-json\/wp\/v2\/pages\/547","targetHints":{"allow":["GET"]}}],"collection":[{"href":"https:\/\/etlservices.cz\/de\/wp-json\/wp\/v2\/pages"}],"about":[{"href":"https:\/\/etlservices.cz\/de\/wp-json\/wp\/v2\/types\/page"}],"author":[{"embeddable":true,"href":"https:\/\/etlservices.cz\/de\/wp-json\/wp\/v2\/users\/3"}],"replies":[{"embeddable":true,"href":"https:\/\/etlservices.cz\/de\/wp-json\/wp\/v2\/comments?post=547"}],"version-history":[{"count":5,"href":"https:\/\/etlservices.cz\/de\/wp-json\/wp\/v2\/pages\/547\/revisions"}],"predecessor-version":[{"id":770,"href":"https:\/\/etlservices.cz\/de\/wp-json\/wp\/v2\/pages\/547\/revisions\/770"}],"wp:attachment":[{"href":"https:\/\/etlservices.cz\/de\/wp-json\/wp\/v2\/media?parent=547"}],"curies":[{"name":"wp","href":"https:\/\/api.w.org\/{rel}","templated":true}]}}